{"id":3,"date":"2022-07-09T17:03:04","date_gmt":"2022-07-09T15:03:04","guid":{"rendered":"https:\/\/krone.brandsite.lv\/?page_id=3"},"modified":"2023-09-08T11:44:21","modified_gmt":"2023-09-08T09:44:21","slug":"privatuma-politika","status":"publish","type":"page","link":"https:\/\/krone.brandsite.lv\/en\/privatuma-politika\/","title":{"rendered":"Priv\u0101tuma politika"},"content":{"rendered":"<div data-elementor-type=\"wp-page\" data-elementor-id=\"3\" class=\"elementor elementor-3\" data-elementor-post-type=\"page\">\n\t\t\t\t\t\t\t\t\t<section class=\"elementor-section elementor-top-section elementor-element elementor-element-160f911a elementor-section-boxed elementor-section-height-default elementor-section-height-default\" data-id=\"160f911a\" data-element_type=\"section\">\n\t\t\t\t\t\t<div class=\"elementor-container elementor-column-gap-default\">\n\t\t\t\t\t<div class=\"elementor-column elementor-col-100 elementor-top-column elementor-element elementor-element-2d4ec7f3\" data-id=\"2d4ec7f3\" data-element_type=\"column\">\n\t\t\t<div class=\"elementor-widget-wrap elementor-element-populated\">\n\t\t\t\t\t\t\t\t<div class=\"elementor-element elementor-element-3c007b7 elementor-widget elementor-widget-text-editor\" data-id=\"3c007b7\" data-element_type=\"widget\" data-widget_type=\"text-editor.default\">\n\t\t\t\t<div class=\"elementor-widget-container\">\n\t\t\t<style>\/*! elementor - v3.15.0 - 20-08-2023 *\/\n.elementor-widget-text-editor.elementor-drop-cap-view-stacked .elementor-drop-cap{background-color:#69727d;color:#fff}.elementor-widget-text-editor.elementor-drop-cap-view-framed .elementor-drop-cap{color:#69727d;border:3px solid;background-color:transparent}.elementor-widget-text-editor:not(.elementor-drop-cap-view-default) .elementor-drop-cap{margin-top:8px}.elementor-widget-text-editor:not(.elementor-drop-cap-view-default) .elementor-drop-cap-letter{width:1em;height:1em}.elementor-widget-text-editor .elementor-drop-cap{float:left;text-align:center;line-height:1;font-size:50px}.elementor-widget-text-editor .elementor-drop-cap-letter{display:inline-block}<\/style>\t\t\t\t<p>M\u016aSU VIETNES ADRESE IR: https:\/\/krone.lv\/, TURPM\u0100K TEKST\u0100 \u201cVIETNE\u201d, KO P\u0100RST\u0100V\u00a0SIA KRONE IB.<\/p>\n<div class=\"page-content\">\n<h2>SAIST\u012aBAS<\/h2>\n<p>\u0160\u012b Priv\u0101tuma politika paskaidro to, k\u0101\u00a0 \u201cVietne\u201d, iev\u0101c par Jums person\u012bgos datus, k\u0101 tos glab\u0101, izmanto un kad izpau\u017e \u0161os datus. \u201cVietne\u201d ap\u0146emas aizsarg\u0101t J\u016bsu person\u012bgo datu priv\u0101tumu, kuri tiek ieg\u016bti no Jums, taj\u0101 skait\u0101 datus, kas tiek ieg\u016bti, kad J\u016bs apmekl\u0113jat \u201cVietne\u201d m\u0101jaslapas. M\u0113s augsti nov\u0113rt\u0113jam J\u016bsu priv\u0101tumu un t\u0101p\u0113c \u0161\u012b politika ir viegli piejama m\u016bsu m\u0101jaslap\u0101, lai pal\u012bdz\u0113tu Jums izprast, k\u0101 tiek izmantota inform\u0101cija, kas ieg\u016bta m\u0101jaslapas izmanto\u0161anas laik\u0101. Priv\u0101tuma politika apraksta person\u012bg\u0101s inform\u0101cijas apstr\u0101d\u0101\u0161anas pamatprincipus.<\/p>\n<h2>INFORM\u0100CIJA, KO IEV\u0100CAM<\/h2>\n<p>Ir divu veidu inform\u0101cija, ko \u201cVietne\u201d var iev\u0101kt par Jums: \u201cAnon\u012bmie dati\u201d un \u201cPerson\u012bgie dati.\u201d<\/p>\n<h3>Anon\u012bmie dati<\/h3>\n<p>Anon\u012bmie dati sast\u0101v no re\u0123istra datn\u0113m un S\u012bkdatn\u0113m \u2013 \u0161ie dati nav personiski identific\u0113jami, k\u0101 J\u016bsu Interneta Protocola (\u201cIP\u201d) adrese, dom\u0113ns vai inform\u0101cija par \u201cVietne\u201d\u202fm\u0101jaslapas izmanto\u0161anu, kas tiks izmantota tikai administrat\u012bv\u0101m vajadz\u012bb\u0101m. \u0160\u012b m\u0101jaslapa izmanto nozares standarta anal\u012btisk\u0101s pakas, kas autom\u0101tiski iev\u0101c ierobe\u017eotu inform\u0101ciju par m\u0101jaslapas apmekl\u0113t\u0101jiem un saglab\u0101 \u0161o inform\u0101ciju servera re\u0123istru arh\u012bv\u0101. \u0160\u012b inform\u0101cija var satur\u0113t IP addresi, p\u0101rl\u016bka veidu, pamat IP inform\u0101ciju, atsauces lapas, izmantoto operat\u012bvo sist\u0113mu un datuma\/laika kodus. \u0160\u012b inform\u0101cija neindentific\u0113 individu\u0101lus apmekl\u0113t\u0101jus, t\u0101 tiek izmantota lapas administr\u0113\u0161anai, k\u0101 ar\u012b lapas pielietojuma un tenden\u010du anal\u012bzei.<\/p>\n<p>S\u012bkdatnes var tikt izmantotas, lai atvieglotu un pa\u0101trin\u0101tu piek\u013cuvi m\u0101jaslapas iesp\u0113j\u0101m, t\u0101d\u0101m k\u0101 autoriz\u0113\u0161an\u0101s un\/vai atk\u0101rtotai apmekl\u0113\u0161anai. \u202fS\u012bkdatnes ir \u013coti mazi teksta faili, kas tiek saglab\u0101ti person\u0101lo datorosatsau\u010du vajadz\u012bb\u0101m. M\u0113s nesasaist\u0101m inform\u0101ciju, kas glab\u0101jas s\u012bkdatn\u0113s ar person\u012bgi identific\u0113jamu inform\u0101ciju, ko esat sniegu\u0161i m\u016bsu lap\u0101.<\/p>\n<p>\u0160\u012b m\u0101jaslapa izmanto Google Analytics, kas pal\u012bdz analiz\u0113t to, k\u0101 apmekl\u0113t\u0101ji izmanto m\u0101jaslapu. \u0160is instruments izmanto \u201cs\u012bkdatnes,\u201d teksta failus, kas tiek izvietoti j\u016bsu dator\u0101, lai anon\u012bmi sav\u0101ktu standarta Interneta re\u0123istr\u0101ciju un apmekl\u0113t\u0101ju uzved\u012bbu inform\u0101ciju. Inform\u0101cija, ko iev\u0101c s\u012bkdatne par to, k\u0101 J\u016bs izmantojat m\u0101jaslapu, taj\u0101 skait\u0101 J\u016bsu IP adrese, tiek nos\u016bt\u012bta Google. \u0160\u012b inform\u0101cija tiek izmantota, lai nov\u0113rt\u0113tu, k\u0101 apmekl\u0113t\u0101ji izmanto m\u0101jaslapu un lai veidotu statistisk\u0101s atskaites par lapas aktivit\u0101ti \u201cVietn\u0113\u201d.<\/p>\n<p>M\u0113s nekad neizmantosim un ar\u012b ne\u013causim k\u0101dai tre\u0161ajai pusei izmantot \u0161o statistikas anal\u012bzes instrumentu, lai izsekotu un ieg\u016btu priv\u0101tu inform\u0101ciju par m\u016bsu m\u0101jaslapas apmekl\u0113t\u0101jiem. Google nesasaist\u012bs J\u016bsu IP adresi ar jebk\u0101diem citiem datiem, kas pieejami Google. M\u0113s nesasaist\u012bsim jebk\u0101dus datus, kas ieg\u016bti \u0161aj\u0101 m\u0101jaslap\u0101 ar personiski identific\u0113jamu inform\u0101ciju, iz\u0146emot gad\u012bjumus, kad J\u016bs iesniegsiet inform\u0101ciju m\u016bsu m\u0101jaslapas aizpild\u0101maj\u0101 form\u0101.<\/p>\n<h3>Person\u012bgie dati<\/h3>\n<p>Person\u012bgie dati ir jebkuri dati, kas J\u016bs personiski identific\u0113,\u202fpiem\u0113ram, J\u016bsu v\u0101rds, adrese, e-pasta adrese vai telefona numurs. M\u0113s iev\u0101cam \u0161\u0101du inform\u0101ciju tad, kad J\u016bs piedal\u0101ties konkurs\u0101, pierakst\u0101ties m\u016bsu jaunumu sa\u0146em\u0161anai vai iesaistieties cit\u0101s tie\u0161saistes aktivit\u0101t\u0113s, piem\u0113ram, ieg\u0101d\u0101joties produktus vai pakalpojumus.<\/p>\n<p>Kad m\u0113s iev\u0101cam personiski identific\u0113jamu inform\u0101ciju, Jums ir iesp\u0113ja pieteikties sa\u0146emt e-pastu vai cita veida digit\u0101lu komunik\u0101ciju no mums vai m\u016bsu biznesa partneriem.<\/p>\n<p>Ja J\u016bs esat iesniegu\u0161i personiski identific\u0113jamu inform\u0101ciju \u201cVietne\u201d m\u0101jaslap\u0101, Jums ir iesp\u0113ja to labot, izmain\u012bt vai izdz\u0113st to, ja t\u0101 neatbilst paties\u012bbai.<\/p>\n<p>Re\u0123istr\u0101cija nav nepiecie\u0161ama, lai piek\u013c\u016btu vai izmantotu \u0161o m\u0101jaslapu. Tom\u0113r \u0161\u012b m\u0101jaslapa var izveidot forumus, blogus, zi\u0146ojuma d\u0113\u013cus un citas lietas, kas b\u016bs pieejamas m\u0101jaslapas izmantot\u0101jiem. Jums, iesp\u0113jams, b\u016bs j\u0101piere\u0123istr\u0113jas, lai izmantotu \u0161\u012bs iesp\u0113jas, it \u012bpa\u0161i tad, ja v\u0113laties atst\u0101t koment\u0101rus vai pievienot rakstus.<\/p>\n<p>Ja J\u016bs re\u0123istr\u0113jaties un \u0161\u012b procesa laik\u0101 iesniedzat personiski identific\u0113jamu inform\u0101ciju, esat dro\u0161i, ka \u0161\u012b inform\u0101cija netiks izplat\u012bta k\u0101dai tre\u0161ajai pusei bez J\u016bsu at\u013caujas.<\/p>\n<p>Ja J\u016bs iesniedzat savu e-pasta adresi un\/vai v\u0101rdu, lai sa\u0146emtu zi\u0146as no mums, tad \u0161\u012b inform\u0101cija netiks izplat\u012bta tre\u0161ajai pusei bez J\u016bsu at\u013caujas. Pieeja personiski identific\u0113jamai inform\u0101cijai Ja J\u016bsu personiski identific\u0113jam\u0101 inform\u0101cija main\u0101s vai ja J\u016bs v\u0113laties, lai mums vairs neb\u016btu pieejama J\u016bsu personiski identific\u0113jam\u0101 inform\u0101cija, tad J\u016bs varat piepras\u012bt to izlabot, atjaunin\u0101t vai izdz\u0113st, nos\u016btot mums e-pastu uz kontaktu sada\u013c\u0101.<\/p>\n<h2>TRE\u0160\u0100S PUSES UN TRE\u0160O PU\u0160U M\u0100JASLAPAS<\/h2>\n<p>M\u0113s respekt\u0113jam J\u016bsu konfidencialit\u0101ti, un t\u0101p\u0113c jebkura inform\u0101cija, kas tiks iev\u0101kta \u0161aj\u0101 m\u0101jaslap\u0101, tiks tur\u0113ta slepen\u012bb\u0101. T\u0101 netiks p\u0101rdota vai izmantota k\u0101d\u0101 veid\u0101, kas var\u0113tu Jums kait\u0113t.<\/p>\n<p>\u0160\u012b m\u0101jaslapa var satur\u0113t saites uz cit\u0101m m\u0101jaslap\u0101m, kur\u0101s mums nav piln\u012bgi nek\u0101das kontroles. L\u016bdzu \u0146emiet to v\u0113r\u0101, kad J\u016bs klik\u0161\u0137in\u0101t uz sait\u0113m; m\u0113s neesam atbild\u012bgi par priv\u0101tuma politik\u0101m cit\u0101s m\u0101jaslap\u0101s. T\u0101p\u0113c iesak\u0101m apskat\u012bt katras m\u0101jaslapas priv\u0101tuma politiku neatkar\u012bgi no t\u0101, vai m\u016bsu m\u0101jaslap\u0101 ir vai nav saites uz t\u0101m.<\/p>\n<h2>PIEKRI\u0160ANA UN LABOJUMI<\/h2>\n<p>Izmantojot\u202f\u201cVietne\u201d un\/vai piedaloties\u202f\u201cVietne\u201d aktivit\u0101t\u0113s, J\u016bs apliecin\u0101t savu piekri\u0161anu Priv\u0101tuma politikas noteikumiem. Ja J\u016bs nepiekr\u012btat \u0161ai Priv\u0101tuma politikai, l\u016bdzu neiesniedziet priv\u0101tu inform\u0101ciju \u0161aj\u0101 m\u0101jaslap\u0101. M\u0113s sekojam nozares standartiem, lai aizsarg\u0101tu jebk\u0101du inform\u0101ciju, ko esat mums iesniegu\u0161i. Tom\u0113r ir j\u0101\u0146em v\u0113r\u0101, ka neviena no elektronisk\u0101s uzglab\u0101\u0161anas metod\u0113m nekad neb\u016bs 100% dro\u0161a. L\u012bdz ar to, k\u0101 jebkura cita organiz\u0101cija, m\u0113s nevaram garant\u0113t absol\u016btu dro\u0161\u012bbu J\u016bsu inform\u0101cijai.<\/p>\n<p>\u201cVietne\u201d var veikt izmai\u0146as Priv\u0101tuma politik\u0101 jebkur\u0101 br\u012bd\u012b un p\u0113c saviem ieskatiem. Labojumi st\u0101jas sp\u0113k\u0101 p\u0113c to public\u0113\u0161anas m\u0101jaslap\u0101. J\u016bs esat atbild\u012bgs periodiski p\u0101rlas\u012bt \u0161o Priv\u0101tuma politiku, lai b\u016btu p\u0101rliecin\u0101ts, ka esat iepazinies ar izmai\u0146\u0101m.<\/p>\n<h2>JURISDIKCIJA<\/h2>\n<p>M\u0113s saglab\u0101jam ties\u012bbas izpaust J\u016bsu personiski identific\u0113jamo inform\u0101ciju, k\u0101 to pieprasa likumdo\u0161ana, un gad\u012bjumos, kad m\u0113s uzskat\u0101m, ka izpau\u0161ana ir nepiecie\u0161ama, lai aizsarg\u0101tu m\u016bsu ties\u012bbas un\/vai pak\u013caujoties juridisk\u0101m r\u012bc\u012bb\u0101m, tiesas pav\u0113st\u0113m vai juridiskiem procesiem.<\/p>\n<h2>KONTAKTI<\/h2>\n<p>Kontaktus un rekviz\u012btus atrad\u012bsi\u00a0sada\u013c\u0101 kontakti.<\/p>\n<\/div>\n<p>\u0160\u012b Priv\u0101tuma politika p\u0113d\u0113jo reizi tika atjaunin\u0101ta [17\/09\/2023].<\/p>\t\t\t\t\t\t<\/div>\n\t\t\t\t<\/div>\n\t\t\t\t\t<\/div>\n\t\t<\/div>\n\t\t\t\t\t\t\t<\/div>\n\t\t<\/section>\n\t\t\t\t\t\t\t<\/div>","protected":false},"excerpt":{"rendered":"<p>M\u016aSU VIETNES ADRESE IR: https:\/\/krone.lv\/, TURPM\u0100K TEKST\u0100 \u201cVIETNE\u201d, KO P\u0100RST\u0100V\u00a0SIA KRONE IB. SAIST\u012aBAS \u0160\u012b Priv\u0101tuma politika paskaidro to, k\u0101\u00a0 \u201cVietne\u201d, iev\u0101c par Jums person\u012bgos datus, k\u0101 tos glab\u0101, izmanto un kad izpau\u017e \u0161os datus. \u201cVietne\u201d ap\u0146emas aizsarg\u0101t J\u016bsu person\u012bgo datu priv\u0101tumu, kuri tiek ieg\u016bti no Jums, taj\u0101 skait\u0101 datus, kas tiek ieg\u016bti, kad J\u016bs apmekl\u0113jat [&hellip;]<\/p>","protected":false},"author":2,"featured_media":0,"parent":0,"menu_order":0,"comment_status":"closed","ping_status":"closed","template":"","meta":[],"class_list":["post-3","page","type-page","status-publish","hentry"],"acf":[],"_links":{"self":[{"href":"https:\/\/krone.brandsite.lv\/en\/wp-json\/wp\/v2\/pages\/3","targetHints":{"allow":["GET"]}}],"collection":[{"href":"https:\/\/krone.brandsite.lv\/en\/wp-json\/wp\/v2\/pages"}],"about":[{"href":"https:\/\/krone.brandsite.lv\/en\/wp-json\/wp\/v2\/types\/page"}],"author":[{"embeddable":true,"href":"https:\/\/krone.brandsite.lv\/en\/wp-json\/wp\/v2\/users\/2"}],"replies":[{"embeddable":true,"href":"https:\/\/krone.brandsite.lv\/en\/wp-json\/wp\/v2\/comments?post=3"}],"version-history":[{"count":0,"href":"https:\/\/krone.brandsite.lv\/en\/wp-json\/wp\/v2\/pages\/3\/revisions"}],"wp:attachment":[{"href":"https:\/\/krone.brandsite.lv\/en\/wp-json\/wp\/v2\/media?parent=3"}],"curies":[{"name":"wp","href":"https:\/\/api.w.org\/{rel}","templated":true}]}}